{"id":15,"date":"2023-08-05T18:51:16","date_gmt":"2023-08-05T16:51:16","guid":{"rendered":"https:\/\/panamamastertours.com\/?page_id=15"},"modified":"2023-08-05T18:51:16","modified_gmt":"2023-08-05T16:51:16","slug":"inicio","status":"publish","type":"page","link":"https:\/\/panamamastertours.com\/","title":{"rendered":"Inicio"},"content":{"rendered":"\n<p>\u00a1Te damos la bienvenida a tu sitio! Esta es tu p\u00e1gina de inicio, que es la que la mayor\u00eda de visitantes ver\u00e1n cuando vengan a tu sitio por primera vez.<\/p>\n","protected":false},"excerpt":{"rendered":"<p>\u00a1Te damos la bienvenida a tu sitio! Esta es tu p\u00e1gina de inicio, que es la que la mayor\u00eda de visitantes ver\u00e1n cuando vengan a tu sitio por primera vez.<\/p>\n","protected":false},"author":1,"featured_media":0,"parent":0,"menu_order":0,"comment_status":"closed","ping_status":"closed","template":"","meta":{"om_disable_all_campaigns":false,"_monsterinsights_skip_tracking":false,"_monsterinsights_sitenote_active":false,"_monsterinsights_sitenote_note":"","_monsterinsights_sitenote_category":0,"footnotes":"","_joinchat":[]},"yoast_head":"<!-- This site is optimized with the Yoast SEO plugin v21.0 - https:\/\/yoast.com\/wordpress\/plugins\/seo\/ -->\n<title>Inicio<\/title>\n<meta name=\"robots\" content=\"index, follow, max-snippet:-1, max-image-preview:large, max-video-preview:-1\" \/>\n<link rel=\"canonical\" href=\"https:\/\/panamamastertours.com\/\" \/>\n<meta property=\"og:locale\" content=\"es_ES\" \/>\n<meta property=\"og:type\" content=\"article\" \/>\n<meta property=\"og:title\" content=\"Inicio\" \/>\n<meta property=\"og:description\" content=\"\u00a1Te damos la bienvenida a tu sitio! Esta es tu p\u00e1gina de inicio, que es la que la mayor\u00eda de visitantes ver\u00e1n cuando vengan a tu sitio por primera vez.\" \/>\n<meta property=\"og:url\" content=\"https:\/\/panamamastertours.com\/\" \/>\n<meta property=\"og:site_name\" content=\"panamamastertours.com\" \/>\n<meta name=\"twitter:card\" content=\"summary_large_image\" \/>\n<script type=\"application\/ld+json\" class=\"yoast-schema-graph\">{\"@context\":\"https:\/\/schema.org\",\"@graph\":[{\"@type\":\"WebPage\",\"@id\":\"https:\/\/panamamastertours.com\/\",\"url\":\"https:\/\/panamamastertours.com\/\",\"name\":\"Inicio\",\"isPartOf\":{\"@id\":\"https:\/\/panamamastertours.com\/#website\"},\"datePublished\":\"2023-08-05T16:51:16+00:00\",\"dateModified\":\"2023-08-05T16:51:16+00:00\",\"breadcrumb\":{\"@id\":\"https:\/\/panamamastertours.com\/#breadcrumb\"},\"inLanguage\":\"es\",\"potentialAction\":[{\"@type\":\"ReadAction\",\"target\":[\"https:\/\/panamamastertours.com\/\"]}]},{\"@type\":\"BreadcrumbList\",\"@id\":\"https:\/\/panamamastertours.com\/#breadcrumb\",\"itemListElement\":[{\"@type\":\"ListItem\",\"position\":1,\"name\":\"Portada\",\"item\":\"https:\/\/panamamastertours.com\/\"},{\"@type\":\"ListItem\",\"position\":2,\"name\":\"Inicio\"}]},{\"@type\":\"WebSite\",\"@id\":\"https:\/\/panamamastertours.com\/#website\",\"url\":\"https:\/\/panamamastertours.com\/\",\"name\":\"panamamastertours.com\",\"description\":\"sitio web de turismo\",\"publisher\":{\"@id\":\"https:\/\/panamamastertours.com\/#organization\"},\"potentialAction\":[{\"@type\":\"SearchAction\",\"target\":{\"@type\":\"EntryPoint\",\"urlTemplate\":\"https:\/\/panamamastertours.com\/?s={search_term_string}\"},\"query-input\":\"required name=search_term_string\"}],\"inLanguage\":\"es\"},{\"@type\":\"Organization\",\"@id\":\"https:\/\/panamamastertours.com\/#organization\",\"name\":\"panamamastertours.com\",\"url\":\"https:\/\/panamamastertours.com\/\",\"logo\":{\"@type\":\"ImageObject\",\"inLanguage\":\"es\",\"@id\":\"https:\/\/panamamastertours.com\/#\/schema\/logo\/image\/\",\"url\":\"https:\/\/i0.wp.com\/panamamastertours.com\/wp-content\/uploads\/2024\/05\/logo-2.png?fit=3340%2C1000&ssl=1\",\"contentUrl\":\"https:\/\/i0.wp.com\/panamamastertours.com\/wp-content\/uploads\/2024\/05\/logo-2.png?fit=3340%2C1000&ssl=1\",\"width\":3340,\"height\":1000,\"caption\":\"panamamastertours.com\"},\"image\":{\"@id\":\"https:\/\/panamamastertours.com\/#\/schema\/logo\/image\/\"}}]}<\/script>\n<!-- \/ Yoast SEO plugin. -->","yoast_head_json":{"title":"Inicio","robots":{"index":"index","follow":"follow","max-snippet":"max-snippet:-1","max-image-preview":"max-image-preview:large","max-video-preview":"max-video-preview:-1"},"canonical":"https:\/\/panamamastertours.com\/","og_locale":"es_ES","og_type":"article","og_title":"Inicio","og_description":"\u00a1Te damos la bienvenida a tu sitio! Esta es tu p\u00e1gina de inicio, que es la que la mayor\u00eda de visitantes ver\u00e1n cuando vengan a tu sitio por primera vez.","og_url":"https:\/\/panamamastertours.com\/","og_site_name":"panamamastertours.com","twitter_card":"summary_large_image","schema":{"@context":"https:\/\/schema.org","@graph":[{"@type":"WebPage","@id":"https:\/\/panamamastertours.com\/","url":"https:\/\/panamamastertours.com\/","name":"Inicio","isPartOf":{"@id":"https:\/\/panamamastertours.com\/#website"},"datePublished":"2023-08-05T16:51:16+00:00","dateModified":"2023-08-05T16:51:16+00:00","breadcrumb":{"@id":"https:\/\/panamamastertours.com\/#breadcrumb"},"inLanguage":"es","potentialAction":[{"@type":"ReadAction","target":["https:\/\/panamamastertours.com\/"]}]},{"@type":"BreadcrumbList","@id":"https:\/\/panamamastertours.com\/#breadcrumb","itemListElement":[{"@type":"ListItem","position":1,"name":"Portada","item":"https:\/\/panamamastertours.com\/"},{"@type":"ListItem","position":2,"name":"Inicio"}]},{"@type":"WebSite","@id":"https:\/\/panamamastertours.com\/#website","url":"https:\/\/panamamastertours.com\/","name":"panamamastertours.com","description":"sitio web de turismo","publisher":{"@id":"https:\/\/panamamastertours.com\/#organization"},"potentialAction":[{"@type":"SearchAction","target":{"@type":"EntryPoint","urlTemplate":"https:\/\/panamamastertours.com\/?s={search_term_string}"},"query-input":"required name=search_term_string"}],"inLanguage":"es"},{"@type":"Organization","@id":"https:\/\/panamamastertours.com\/#organization","name":"panamamastertours.com","url":"https:\/\/panamamastertours.com\/","logo":{"@type":"ImageObject","inLanguage":"es","@id":"https:\/\/panamamastertours.com\/#\/schema\/logo\/image\/","url":"https:\/\/i0.wp.com\/panamamastertours.com\/wp-content\/uploads\/2024\/05\/logo-2.png?fit=3340%2C1000&ssl=1","contentUrl":"https:\/\/i0.wp.com\/panamamastertours.com\/wp-content\/uploads\/2024\/05\/logo-2.png?fit=3340%2C1000&ssl=1","width":3340,"height":1000,"caption":"panamamastertours.com"},"image":{"@id":"https:\/\/panamamastertours.com\/#\/schema\/logo\/image\/"}}]}},"_links":{"self":[{"href":"https:\/\/panamamastertours.com\/index.php\/wp-json\/wp\/v2\/pages\/15"}],"collection":[{"href":"https:\/\/panamamastertours.com\/index.php\/wp-json\/wp\/v2\/pages"}],"about":[{"href":"https:\/\/panamamastertours.com\/index.php\/wp-json\/wp\/v2\/types\/page"}],"author":[{"embeddable":true,"href":"https:\/\/panamamastertours.com\/index.php\/wp-json\/wp\/v2\/users\/1"}],"replies":[{"embeddable":true,"href":"https:\/\/panamamastertours.com\/index.php\/wp-json\/wp\/v2\/comments?post=15"}],"version-history":[{"count":0,"href":"https:\/\/panamamastertours.com\/index.php\/wp-json\/wp\/v2\/pages\/15\/revisions"}],"wp:attachment":[{"href":"https:\/\/panamamastertours.com\/index.php\/wp-json\/wp\/v2\/media?parent=15"}],"curies":[{"name":"wp","href":"https:\/\/api.w.org\/{rel}","templated":true}]}}